{"id":10507,"date":"2023-07-03T12:27:47","date_gmt":"2023-07-03T10:27:47","guid":{"rendered":"https:\/\/www.coffeechecker.com\/coffee-knowledge\/"},"modified":"2024-09-04T12:07:15","modified_gmt":"2024-09-04T10:07:15","slug":"coffee-knowledge","status":"publish","type":"page","link":"https:\/\/www.coffeechecker.com\/en\/coffee-knowledge\/","title":{"rendered":"Coffee knowledge"},"content":{"rendered":"\t\t<div data-elementor-type=\"wp-page\" data-elementor-id=\"10507\" class=\"elementor elementor-10507 elementor-3778\">\n\t\t\t\t<div class=\"elementor-element elementor-element-f1ad25e e-con-full e-flex e-con e-parent\" data-id=\"f1ad25e\" data-element_type=\"container\">\r\n\t\t\t\t<div class=\"elementor-element elementor-element-fa72662 elementor-widget elementor-widget-heading\" data-id=\"fa72662\" data-element_type=\"widget\" data-widget_type=\"heading.default\">\n\t\t\t\t<div class=\"elementor-widget-container\">\n\t\t\t\t\t<h2 class=\"elementor-heading-title elementor-size-default\">become with our blog<\/h2>\t\t\t\t<\/div>\n\t\t\t\t<\/div>\n\t\t\t\t<div class=\"elementor-element elementor-element-29775a6 elementor-widget elementor-widget-heading\" data-id=\"29775a6\" data-element_type=\"widget\" data-widget_type=\"heading.default\">\n\t\t\t\t<div class=\"elementor-widget-container\">\n\t\t\t\t\t<h2 class=\"elementor-heading-title elementor-size-default\">to the true coffeechecker<\/h2>\t\t\t\t<\/div>\n\t\t\t\t<\/div>\n\t\t\t\t<div class=\"elementor-element elementor-element-0968b2d elementor-widget elementor-widget-tp-blog-listout\" data-id=\"0968b2d\" data-element_type=\"widget\" data-widget_type=\"tp-blog-listout.default\">\n\t\t\t\t\t<div id=\"pt-plus-blog-post-list\" class=\"blog-list post69f29460ecfc0  list-isotope  blog-style-4 hover-image-style-1   \"  data-layout-type=\"fitRows\"   data-id=\"post69f29460ecfc0\" data-style=\"style-4\"   dir= data-enable-isotope=\"1\" filter-type = \"normal\"><div id=\"post69f29460ecfc0\" class=\"tp-row post-inner-loop post69f29460ecfc0    tp-listing-preloader\" data-extparam= '{\"loading-opt\":\"skeleton\",\"URL-para\":\"\"}'   data-wooAttr= '\"QjhxbWgxd2ZaNHFMbVE0elUzeUxFUXE5Tm5LYlliNktFcFlGb0hib0dnVE1kekg3UGdtTC9MMmRtL2ltZlNWd2N3RHd6UmJseUVuYzJtV3c3N0VYN1lNQ1NERU9tTUxJYThpcFRydTFZOG9rbHQwdFJ2dVJXK2lkT3hQMm1SZHg0c0tyYVdGMnpmSHVPWTRkY0JXdWJ2VksyU2xhWlpvejVKclVkMm4zaTcvZy9aUzFZOURHQmUrcUx6MENRaktyRFdSa2txdDlFK2RTZFVqUXBtUDVyVEZzUTU5NUZrVTFVUEJ4M2VjbmZYVERqbmUzV0VjKzh4WGExSTh3NVhuTFRyMSt5RHdjM1oxUWVCQjBKMUNUMUhCMWNKWUc1Tm01UGMzejhjZTZSYTkrWXIxYzdsQ0xncnFWcElraGxCSEF6bkhjYmN6Ni85WXdhZWxTeVd1bGNEbXRSR1VYRDdteWFtVVZ2cUdxWXczS2psKy9DR01FcjdsSEdJK3R3N2tQT1JWUmIra3pMVTdZR3kxem5Za1RBbW93d25IczZTcitPNU1oeEZ6K2hJNDJLMnlQV0l5R3RTbG9CQVFGU1grbTFFT0FTa0lnOWNrZlU5V0Z2V25JV3NaWVk1UExubzR6UGFPVlppTTZQclQvNEJOYThyNkE1cVBmR0dla2xBaXViTmdBYlRVNkg4UUpxQWdLYWNYd1NCcklCWTdZZ2NrbStBU3N5QnorRUVCbGxwWmI3YXRrN005OWgxaklYam41alhKSVI0aTYwU0lhWXFLSGNCcDhQNSs5RDFJbHN3Qjl1Y2xjQU1GZUQzK3p6UVVSWWF2QW5xM1MvU2o3QUtUZ1F0TlRuOU5DOW1hMDlUNzlocnk4UzJWMnczeGVxVStkUDRaeEFqQjhlVDA4bEFTMkRtalJSZnJBR3kvcDFKdVczNDFYYnNxZjZtSlFiNzk4d2lrR3Z5Qk45VGsvTFFBRXM2cjZZWWhjYzRJaHczdllpQSthQ1JpekhhMS9vRC9KZVczUUxUUG9JaVYxR0ZUYmMzZ3FodjJ3Y2N1QXZJbGErZ28vQ2FPSnZ5MGhqQVBZemIzcTRYdEFjRDROcS9Zdms5V28zVSs2SGZVd3FjV0x5eW1MbmczeC82UCtpdEVicTJYei9wQS9JNDI1T0hZTlJqa2JGclF0SWhmODdXbk9lbGZzb2JqZ3UyR0tHY3BvRmhYOVlPMDdWOGVFRHN0SDd4VGU5WEluNGp2engrYllUTGRMaU5vbnpMOFl0K1B3bytNTGVqWGpjeTRxcFYxRW03M3hHTk1yVEF4UmdvMzByMm9WVHV3Sm9vRFNFZTVmakp5QUIyMlU4RkxUT3huYmVxU0cxb1ZPSGoxU21Wd2FsZDdpNzJ6ZjBPMG5oZkwxa1lxajAxV2xxbVlSOWRuQ2p0aWxuWHFNbkk0a2RFQ3ZCbW5JakZSSUdVMVNWaGwxaGh0a1plc2lBNjR5THlhUm5nV1ZQY0swVEZldFU0Qk9yMGRSZW5BQkZHUXdpU3F4S0NIa015MTltTk9MOTQ1bDRLUHhqblkwazdjU1diS0Vmd1ByVWI3RHNTaWxSQU0ydlVmNnJ0TUhabkRoMVYvV1ltN1QxdENhR3BpVHk3dzJTSml1Mlo5dUpjcEFiVkxTd0lKamthWXZFMnJMejA5K1BGd3p5aXdnVy9MMFFtckJEWkhydUF1UXBvMVdNM1VhdGtkQUN1RHhVVnNndTRuN2NuMXV1OHRFMThjcHRvR21KQ2NYWnVMeURnN242VFpKT1J1S2MwWHF1eW02TVdYWCtjUnFzYkhvK0t0MmtZaUFLR3dicFZMc0F2eENwem9WMHNVM3FhcEt5azF4clRydlo2N0crWkcyS2NtM3crdXM4S0pSelJIOURhTklkd1FsOUd3SHkyeFd5WWpQWTZYbDZLdmhqVHp6eHBKWWpRaDRFUHY4eXpnNGFzWmlOaWsydUR5YnhHcHZ2NU80Szl2Y2NMVzZQOWROTFFCVW50bW9ReUNSUmFQQmRwcWRXYjFueGNLZWllSFo3VEhkTVd4WVg4M2N5bVFpZE9jbTVjWkJVV2hkbTBRSUxVVGdWSklBYzNtRnU1YjQrT0JWTEVrcGtLUTVQM0xYVkZhRTFhWnFlZ3FzaVE9PQ==\"' ><div class=\"grid-item metro-item  tp-col-lg-4 tp-col-md-6 tp-col-sm-12 tp-col-12  \"><article id=\"post-17936\" class=\"post-17936 post type-post status-publish format-standard has-post-thumbnail hentry\">\n\t<div class=\"blog-list-content\">\t\t\n\t\t<div class=\"post-content-bottom\">\n\t\t\t<a href=\"https:\/\/www.coffeechecker.com\/en\/2026\/03\/coffee-difference-explained-simply-arabica-robusta-42\/\" class=\"post-bg-image-content\"><div class=\"blog-bg-image-metro \" style=\"background:url(https:\/\/www.coffeechecker.com\/wp-content\/uploads\/2026\/03\/Kaffeekultur-in-Italien-Warum-gibt-es-den-Steh-Espresso.jpg) #f7f7f7;\"><\/div><\/a>\n\t\t\t<div class=\"post-metro-content\">\n\t\t\t\t\t\t\t\t\t<div class=\"post-metro-category-top\">\n\t\t\t\t\t\t<div class=\"post-category-list style-1\">\t\n\t<\/div>\n\n\t\t\t\t\t<\/div>\n\t\t\t\t\t\t\t\t<h3 class=\"post-title\">\n\t<a href=\"https:\/\/www.coffeechecker.com\/en\/2026\/03\/coffee-difference-explained-simply-arabica-robusta-42\/\" class=\"normal\">Coffee difference explained simply: Arabica &amp; Robusta<\/a>\n<\/h3>\n\t\t\t\t\t\t\t\t\t\t\t\t\t\t\t<\/div>\n\t\t<\/div>\t\n\t\t\t\n\t<\/div>\n<\/article>\n<\/div><div class=\"grid-item metro-item  tp-col-lg-4 tp-col-md-6 tp-col-sm-12 tp-col-12  \"><article id=\"post-17923\" class=\"post-17923 post type-post status-publish format-standard has-post-thumbnail hentry\">\n\t<div class=\"blog-list-content\">\t\t\n\t\t<div class=\"post-content-bottom\">\n\t\t\t<a href=\"https:\/\/www.coffeechecker.com\/en\/2026\/03\/coffee-difference-explained-simply-arabica-robusta-41\/\" class=\"post-bg-image-content\"><div class=\"blog-bg-image-metro \" style=\"background:url(https:\/\/www.coffeechecker.com\/wp-content\/uploads\/2026\/03\/Kaffee-Aromaprofil-welche-Aromen-gibt-es-bei-Kaffee-Coffeechecker-klaert-auf.jpg) #f7f7f7;\"><\/div><\/a>\n\t\t\t<div class=\"post-metro-content\">\n\t\t\t\t\t\t\t\t\t<div class=\"post-metro-category-top\">\n\t\t\t\t\t\t<div class=\"post-category-list style-1\">\t\n\t<\/div>\n\n\t\t\t\t\t<\/div>\n\t\t\t\t\t\t\t\t<h3 class=\"post-title\">\n\t<a href=\"https:\/\/www.coffeechecker.com\/en\/2026\/03\/coffee-difference-explained-simply-arabica-robusta-41\/\" class=\"normal\">Coffee difference explained simply: Arabica &amp; Robusta<\/a>\n<\/h3>\n\t\t\t\t\t\t\t\t\t\t\t\t\t\t\t<\/div>\n\t\t<\/div>\t\n\t\t\t\n\t<\/div>\n<\/article>\n<\/div><div class=\"grid-item metro-item  tp-col-lg-4 tp-col-md-6 tp-col-sm-12 tp-col-12  \"><article id=\"post-17911\" class=\"post-17911 post type-post status-publish format-standard has-post-thumbnail hentry\">\n\t<div class=\"blog-list-content\">\t\t\n\t\t<div class=\"post-content-bottom\">\n\t\t\t<a href=\"https:\/\/www.coffeechecker.com\/en\/2026\/03\/coffee-difference-explained-simply-arabica-robusta-40\/\" class=\"post-bg-image-content\"><div class=\"blog-bg-image-metro \" style=\"background:url(https:\/\/www.coffeechecker.com\/wp-content\/uploads\/2026\/03\/Espresso-ist-sauer-Was-tun-Coffeechecker-klaert-auf.jpg) #f7f7f7;\"><\/div><\/a>\n\t\t\t<div class=\"post-metro-content\">\n\t\t\t\t\t\t\t\t\t<div class=\"post-metro-category-top\">\n\t\t\t\t\t\t<div class=\"post-category-list style-1\">\t\n\t<\/div>\n\n\t\t\t\t\t<\/div>\n\t\t\t\t\t\t\t\t<h3 class=\"post-title\">\n\t<a href=\"https:\/\/www.coffeechecker.com\/en\/2026\/03\/coffee-difference-explained-simply-arabica-robusta-40\/\" class=\"normal\">Coffee difference explained simply: Arabica &amp; Robusta<\/a>\n<\/h3>\n\t\t\t\t\t\t\t\t\t\t\t\t\t\t\t<\/div>\n\t\t<\/div>\t\n\t\t\t\n\t<\/div>\n<\/article>\n<\/div><div class=\"grid-item metro-item  tp-col-lg-4 tp-col-md-6 tp-col-sm-12 tp-col-12  \"><article id=\"post-17891\" class=\"post-17891 post type-post status-publish format-standard has-post-thumbnail hentry\">\n\t<div class=\"blog-list-content\">\t\t\n\t\t<div class=\"post-content-bottom\">\n\t\t\t<a href=\"https:\/\/www.coffeechecker.com\/en\/2026\/03\/coffee-difference-explained-simply-arabica-robusta-39\/\" class=\"post-bg-image-content\"><div class=\"blog-bg-image-metro \" style=\"background:url(https:\/\/www.coffeechecker.com\/wp-content\/uploads\/2026\/03\/Kaffee-schmeckt-waessrig-Was-tun-coffeechecker-klaert-auf.jpg) #f7f7f7;\"><\/div><\/a>\n\t\t\t<div class=\"post-metro-content\">\n\t\t\t\t\t\t\t\t\t<div class=\"post-metro-category-top\">\n\t\t\t\t\t\t<div class=\"post-category-list style-1\">\t\n\t<\/div>\n\n\t\t\t\t\t<\/div>\n\t\t\t\t\t\t\t\t<h3 class=\"post-title\">\n\t<a href=\"https:\/\/www.coffeechecker.com\/en\/2026\/03\/coffee-difference-explained-simply-arabica-robusta-39\/\" class=\"normal\">Coffee difference explained simply: Arabica &amp; Robusta<\/a>\n<\/h3>\n\t\t\t\t\t\t\t\t\t\t\t\t\t\t\t<\/div>\n\t\t<\/div>\t\n\t\t\t\n\t<\/div>\n<\/article>\n<\/div><div class=\"grid-item metro-item  tp-col-lg-4 tp-col-md-6 tp-col-sm-12 tp-col-12  \"><article id=\"post-17880\" class=\"post-17880 post type-post status-publish format-standard has-post-thumbnail hentry\">\n\t<div class=\"blog-list-content\">\t\t\n\t\t<div class=\"post-content-bottom\">\n\t\t\t<a href=\"https:\/\/www.coffeechecker.com\/en\/2026\/03\/coffee-difference-explained-simply-arabica-robusta-38\/\" class=\"post-bg-image-content\"><div class=\"blog-bg-image-metro \" style=\"background:url(https:\/\/www.coffeechecker.com\/wp-content\/uploads\/2026\/03\/Espresso-zu-stark-6-einfache-Loesungen.jpg) #f7f7f7;\"><\/div><\/a>\n\t\t\t<div class=\"post-metro-content\">\n\t\t\t\t\t\t\t\t\t<div class=\"post-metro-category-top\">\n\t\t\t\t\t\t<div class=\"post-category-list style-1\">\t\n\t<\/div>\n\n\t\t\t\t\t<\/div>\n\t\t\t\t\t\t\t\t<h3 class=\"post-title\">\n\t<a href=\"https:\/\/www.coffeechecker.com\/en\/2026\/03\/coffee-difference-explained-simply-arabica-robusta-38\/\" class=\"normal\">Coffee difference explained simply: Arabica &amp; Robusta<\/a>\n<\/h3>\n\t\t\t\t\t\t\t\t\t\t\t\t\t\t\t<\/div>\n\t\t<\/div>\t\n\t\t\t\n\t<\/div>\n<\/article>\n<\/div><div class=\"grid-item metro-item  tp-col-lg-4 tp-col-md-6 tp-col-sm-12 tp-col-12  \"><article id=\"post-17860\" class=\"post-17860 post type-post status-publish format-standard has-post-thumbnail hentry\">\n\t<div class=\"blog-list-content\">\t\t\n\t\t<div class=\"post-content-bottom\">\n\t\t\t<a href=\"https:\/\/www.coffeechecker.com\/en\/2026\/03\/coffee-difference-explained-simply-arabica-robusta-37\/\" class=\"post-bg-image-content\"><div class=\"blog-bg-image-metro \" style=\"background:url(https:\/\/www.coffeechecker.com\/wp-content\/uploads\/2026\/03\/Fruehlingsbeginn-Kaffee-Welche-Bohnen-fuer-den-Fruehling.jpg) #f7f7f7;\"><\/div><\/a>\n\t\t\t<div class=\"post-metro-content\">\n\t\t\t\t\t\t\t\t\t<div class=\"post-metro-category-top\">\n\t\t\t\t\t\t<div class=\"post-category-list style-1\">\t\n\t<\/div>\n\n\t\t\t\t\t<\/div>\n\t\t\t\t\t\t\t\t<h3 class=\"post-title\">\n\t<a href=\"https:\/\/www.coffeechecker.com\/en\/2026\/03\/coffee-difference-explained-simply-arabica-robusta-37\/\" class=\"normal\">Coffee difference explained simply: Arabica &amp; Robusta<\/a>\n<\/h3>\n\t\t\t\t\t\t\t\t\t\t\t\t\t\t\t<\/div>\n\t\t<\/div>\t\n\t\t\t\n\t<\/div>\n<\/article>\n<\/div><div class=\"grid-item metro-item  tp-col-lg-4 tp-col-md-6 tp-col-sm-12 tp-col-12  \"><article id=\"post-17846\" class=\"post-17846 post type-post status-publish format-standard has-post-thumbnail hentry\">\n\t<div class=\"blog-list-content\">\t\t\n\t\t<div class=\"post-content-bottom\">\n\t\t\t<a href=\"https:\/\/www.coffeechecker.com\/en\/2026\/03\/coffee-difference-explained-simply-arabica-robusta-36\/\" class=\"post-bg-image-content\"><div class=\"blog-bg-image-metro \" style=\"background:url(https:\/\/www.coffeechecker.com\/wp-content\/uploads\/2026\/03\/Matcha-vs.-Kaffee-Unterschiede-und-Vorteile.jpg) #f7f7f7;\"><\/div><\/a>\n\t\t\t<div class=\"post-metro-content\">\n\t\t\t\t\t\t\t\t\t<div class=\"post-metro-category-top\">\n\t\t\t\t\t\t<div class=\"post-category-list style-1\">\t\n\t<\/div>\n\n\t\t\t\t\t<\/div>\n\t\t\t\t\t\t\t\t<h3 class=\"post-title\">\n\t<a href=\"https:\/\/www.coffeechecker.com\/en\/2026\/03\/coffee-difference-explained-simply-arabica-robusta-36\/\" class=\"normal\">Coffee difference explained simply: Arabica &amp; Robusta<\/a>\n<\/h3>\n\t\t\t\t\t\t\t\t\t\t\t\t\t\t\t<\/div>\n\t\t<\/div>\t\n\t\t\t\n\t<\/div>\n<\/article>\n<\/div><div class=\"grid-item metro-item  tp-col-lg-4 tp-col-md-6 tp-col-sm-12 tp-col-12  \"><article id=\"post-17745\" class=\"post-17745 post type-post status-publish format-standard has-post-thumbnail hentry\">\n\t<div class=\"blog-list-content\">\t\t\n\t\t<div class=\"post-content-bottom\">\n\t\t\t<a href=\"https:\/\/www.coffeechecker.com\/en\/2026\/03\/coffee-difference-explained-simply-arabica-robusta-35\/\" class=\"post-bg-image-content\"><div class=\"blog-bg-image-metro \" style=\"background:url(https:\/\/www.coffeechecker.com\/wp-content\/uploads\/2026\/03\/Typische-Kaffeetrinker-aus-Oesterreich.jpg) #f7f7f7;\"><\/div><\/a>\n\t\t\t<div class=\"post-metro-content\">\n\t\t\t\t\t\t\t\t\t<div class=\"post-metro-category-top\">\n\t\t\t\t\t\t<div class=\"post-category-list style-1\">\t\n\t<\/div>\n\n\t\t\t\t\t<\/div>\n\t\t\t\t\t\t\t\t<h3 class=\"post-title\">\n\t<a href=\"https:\/\/www.coffeechecker.com\/en\/2026\/03\/coffee-difference-explained-simply-arabica-robusta-35\/\" class=\"normal\">Coffee difference explained simply: Arabica &amp; Robusta<\/a>\n<\/h3>\n\t\t\t\t\t\t\t\t\t\t\t\t\t\t\t<\/div>\n\t\t<\/div>\t\n\t\t\t\n\t<\/div>\n<\/article>\n<\/div><\/div><div class=\"ajax_load_more\"><a class=\"post-load-more\" data-layout=\"grid\" data-offset-posts=\"\" data-load-class=\"post69f29460ecfc0\" data-display_post=\"8\" data-post_load_more=\"4\" data-loaded_posts=\"Ready!\" data-tp_loading_text=\"One moment please...\" data-page=\"1\" data-total_page=\"13\" data-loadattr= 'QjhxbWgxd2ZaNHFMbVE0elUzeUxFUXE5Tm5LYlliNktFcFlGb0hib0dnVE1kekg3UGdtTC9MMmRtL2ltZlNWd2N3RHd6UmJseUVuYzJtV3c3N0VYN1lNQ1NERU9tTUxJYThpcFRydTFZOG9rbHQwdFJ2dVJXK2lkT3hQMm1SZHg0c0tyYVdGMnpmSHVPWTRkY0JXdWJ2VksyU2xhWlpvejVKclVkMm4zaTcvZy9aUzFZOURHQmUrcUx6MENRaktyRFdSa2txdDlFK2RTZFVqUXBtUDVyVEZzUTU5NUZrVTFVUEJ4M2VjbmZYVERqbmUzV0VjKzh4WGExSTh3NVhuTFRyMSt5RHdjM1oxUWVCQjBKMUNUMUhCMWNKWUc1Tm01UGMzejhjZTZSYTkrWXIxYzdsQ0xncnFWcElraGxCSEF6bkhjYmN6Ni85WXdhZWxTeVd1bGNEbXRSR1VYRDdteWFtVVZ2cUdxWXczS2psKy9DR01FcjdsSEdJK3R3N2tQT1JWUmIra3pMVTdZR3kxem5Za1RBbW93d25IczZTcitPNU1oeEZ6K2hJNDJLMnlQV0l5R3RTbG9CQVFGU1grbTFFT0FTa0lnOWNrZlU5V0Z2V25JV3NaWVk1UExubzR6UGFPVlppTTZQclQvNEJOYThyNkE1cVBmR0dla2xBaXViTmdBYlRVNkg4UUpxQWdLYWNYd1NCcklCWTdZZ2NrbStBU3N5QnorRUVCbGxwWmI3YXRrN005OWgxaklYam41alhKSVI0aTYwU0lhWXFLSGNCcDhQNSs5RDFJbHN3Qjl1Y2xjQU1GZUQzK3p6UVVSWWF2QW5xM1MvU2o3QUtUZ1F0TlRuOU5DOW1hMDlUNzlocnk4UzJWMnczeGVxVStkUDRaeEFqQjhlVDA4bEFTMkRtalJSZnJBR3kvcDFKdVczNDFYYnNxZjZtSlFiNzk4d2lrR3Z5Qk45VGsvTFFBRXM2cjZZWWhjYzRJaHczdllpQSthQ1JpekhhMS9vRC9KZVczUUxUUG9JaVYxR0ZUYmMzZ3FodjJ3Y2N1QXZJbGErZ28vQ2FPSnZ5MGhqQVBZemIzcTRYdEFjRDROcS9Zdms5V28zVSs2SGZVd3FjV0x5eW1MbmczeC82UCtpdEVicTJYei9wQS9JNDI1T0hZTlJqa2JGclF0SWhmODdXbk9lbGZzb2JqZ3UyR0tHY3BvRmhYOVlPMDdWOGVFRHN0SDd4VGU5WEluNGp2engrYllUTGRMaU5vbnpMOFl0K1B3bytNTGVqWGpjeTRxcFYxRW03M3hHTk1yVEF4UmdvMzByMm9WVHV3Sm9vRFNFZTVmakp5QUIyMlU4RkxUT3huYmVxU0cxb1ZPSGoxU21Wd2FsZDdpNzJ6ZjBPMG5oZkwxa1lxajAxV2xxbVlSOWRuQ2p0aWxuWHFNbkk0a2RFQ3ZCbW5JakZSSUdVMVNWaGwxaGh0a1plc2lBNjR5THlhUm5nV1ZQY0swVEZldFU0Qk9yMGRSZW5BQkZHUXdpU3F4S0NIa015MTltTk9MOTQ1bDRLUHhqblkwazdjU1diS0Vmd1ByVWI3RHNTaWxSQU0ydlVmNnJ0TUhabkRoMVYvV1ltN1QxdENhR3BpVHk3dzJTSml1Mlo5dUpjcEFiVkxTd0lKamthWXZFMnJMejA5K1BGd3p5aXdnVy9MMFFtckJEWkhydUF1UXBvMVdNM1VhdGtkQUN1RHhVVnNndTRuN2NuMXV1OHRFMThjcHRvR21KQ2NYWnVMeURnN242VFpKT1J1S2MwWHF1eW02TVdYWCtjUnFzYkhvK0t0MmtZaUFLR3dicFZMc0F2eENwem9WMHNVM3FhcEt5azF4clRydlo2N0crWkcyS2NtM3crdXM4S0pSelJIOURhTklkd1FsOUd3SHkyeFd5WWpQWTZYbDZLdmhqVHp6eHBKWWpRaDRFUHY4eXpnNGFzWmlOaWsydUR5YnhHcHZ2NU80Szl2Y2NMVzZQOWROTFFCVW50bW9ReUNSUmFQQmRwcWRXYjFueGNLZWllSFo3VEhkTVd4WVg4M2N5bVFpZE9jbTVjWkJVV2hkbTBRSUxVVGdWSklBYzNtRnU1YjQrT0JWTEVrcGtLUTVQM0xYVkZhRTFhWnFlZ3FzaVE9PQ=='>Load More<\/a><\/div><\/div>\t\t\t\t<\/div>\n\t\t\t\t<div class=\"elementor-element elementor-element-db699ff elementor-widget elementor-widget-spacer\" data-id=\"db699ff\" data-element_type=\"widget\" data-widget_type=\"spacer.default\">\n\t\t\t\t<div class=\"elementor-widget-container\">\n\t\t\t\t\t\t\t<div class=\"elementor-spacer\">\n\t\t\t<div class=\"elementor-spacer-inner\"><\/div>\n\t\t<\/div>\n\t\t\t\t\t\t<\/div>\n\t\t\t\t<\/div>\n\t\t\t\t<\/div>\n\t\t\t\t<\/div>\n\t\t","protected":false},"excerpt":{"rendered":"<p>become with our blog to the true coffeechecker 5 Tips f\u00fcr perfekten Kaffee vom Vollautomat Den perfekten Mahlgrad f\u00fcr Siebtr\u00e4ger einstellen Kaffeesatz verwenden Vors\u00e4tze einhalten mit Kaffee Kaffee Cocktails Sommer-Edition Cold Drip Zubereitung Affogato &#8211; Rezept f\u00fcr Eiskaffee auf Italienisch Cold Brew Zubereitung Load More<\/p>\n","protected":false},"author":1,"featured_media":0,"parent":0,"menu_order":0,"comment_status":"closed","ping_status":"closed","template":"","meta":{"footnotes":""},"class_list":["post-10507","page","type-page","status-publish","hentry"],"yoast_head":"<!-- This site is optimized with the Yoast SEO plugin v27.5 - https:\/\/yoast.com\/product\/yoast-seo-wordpress\/ -->\n<title>Coffee knowledge - Coffeechecker<\/title>\n<meta name=\"robots\" content=\"index, follow, max-snippet:-1, max-image-preview:large, max-video-preview:-1\" \/>\n<link rel=\"canonical\" href=\"https:\/\/www.coffeechecker.com\/kaffeewissen\/\" \/>\n<meta property=\"og:locale\" content=\"en_US\" \/>\n<meta property=\"og:type\" content=\"article\" \/>\n<meta property=\"og:title\" content=\"Coffee knowledge - Coffeechecker\" \/>\n<meta property=\"og:description\" content=\"become with our blog to the true coffeechecker 5 Tips f\u00fcr perfekten Kaffee vom Vollautomat Den perfekten Mahlgrad f\u00fcr Siebtr\u00e4ger einstellen Kaffeesatz verwenden Vors\u00e4tze einhalten mit Kaffee Kaffee Cocktails Sommer-Edition Cold Drip Zubereitung Affogato &#8211; Rezept f\u00fcr Eiskaffee auf Italienisch Cold Brew Zubereitung Load More\" \/>\n<meta property=\"og:url\" content=\"https:\/\/www.coffeechecker.com\/kaffeewissen\/\" \/>\n<meta property=\"og:site_name\" content=\"Coffeechecker\" \/>\n<meta property=\"article:publisher\" content=\"https:\/\/www.facebook.com\/coffeecheckercom\" \/>\n<meta property=\"article:modified_time\" content=\"2024-09-04T10:07:15+00:00\" \/>\n<meta property=\"og:image\" content=\"https:\/\/www.coffeechecker.com\/wp-content\/uploads\/2024\/01\/Coffeechecker-Web.jpeg\" \/>\n\t<meta property=\"og:image:width\" content=\"1516\" \/>\n\t<meta property=\"og:image:height\" content=\"1516\" \/>\n\t<meta property=\"og:image:type\" content=\"image\/jpeg\" \/>\n<meta name=\"twitter:card\" content=\"summary_large_image\" \/>\n<script type=\"application\/ld+json\" class=\"yoast-schema-graph\">{\"@context\":\"https:\\\/\\\/schema.org\",\"@graph\":[{\"@type\":\"WebPage\",\"@id\":\"https:\\\/\\\/www.coffeechecker.com\\\/kaffeewissen\\\/\",\"url\":\"https:\\\/\\\/www.coffeechecker.com\\\/kaffeewissen\\\/\",\"name\":\"Coffee knowledge - Coffeechecker\",\"isPartOf\":{\"@id\":\"https:\\\/\\\/www.coffeechecker.com\\\/en\\\/#website\"},\"datePublished\":\"2023-07-03T10:27:47+00:00\",\"dateModified\":\"2024-09-04T10:07:15+00:00\",\"breadcrumb\":{\"@id\":\"https:\\\/\\\/www.coffeechecker.com\\\/kaffeewissen\\\/#breadcrumb\"},\"inLanguage\":\"en-US\",\"potentialAction\":[{\"@type\":\"ReadAction\",\"target\":[\"https:\\\/\\\/www.coffeechecker.com\\\/kaffeewissen\\\/\"]}]},{\"@type\":\"BreadcrumbList\",\"@id\":\"https:\\\/\\\/www.coffeechecker.com\\\/kaffeewissen\\\/#breadcrumb\",\"itemListElement\":[{\"@type\":\"ListItem\",\"position\":1,\"name\":\"Startseite\",\"item\":\"https:\\\/\\\/www.coffeechecker.com\\\/\"},{\"@type\":\"ListItem\",\"position\":2,\"name\":\"Coffee knowledge\"}]},{\"@type\":\"WebSite\",\"@id\":\"https:\\\/\\\/www.coffeechecker.com\\\/en\\\/#website\",\"url\":\"https:\\\/\\\/www.coffeechecker.com\\\/en\\\/\",\"name\":\"Coffeechecker\",\"description\":\"\",\"publisher\":{\"@id\":\"https:\\\/\\\/www.coffeechecker.com\\\/en\\\/#organization\"},\"potentialAction\":[{\"@type\":\"SearchAction\",\"target\":{\"@type\":\"EntryPoint\",\"urlTemplate\":\"https:\\\/\\\/www.coffeechecker.com\\\/en\\\/?s={search_term_string}\"},\"query-input\":{\"@type\":\"PropertyValueSpecification\",\"valueRequired\":true,\"valueName\":\"search_term_string\"}}],\"inLanguage\":\"en-US\"},{\"@type\":\"Organization\",\"@id\":\"https:\\\/\\\/www.coffeechecker.com\\\/en\\\/#organization\",\"name\":\"Coffeechecker\",\"url\":\"https:\\\/\\\/www.coffeechecker.com\\\/en\\\/\",\"logo\":{\"@type\":\"ImageObject\",\"inLanguage\":\"en-US\",\"@id\":\"https:\\\/\\\/www.coffeechecker.com\\\/en\\\/#\\\/schema\\\/logo\\\/image\\\/\",\"url\":\"https:\\\/\\\/www.coffeechecker.com\\\/wp-content\\\/uploads\\\/2023\\\/06\\\/cropped-Favicon-.png\",\"contentUrl\":\"https:\\\/\\\/www.coffeechecker.com\\\/wp-content\\\/uploads\\\/2023\\\/06\\\/cropped-Favicon-.png\",\"width\":512,\"height\":512,\"caption\":\"Coffeechecker\"},\"image\":{\"@id\":\"https:\\\/\\\/www.coffeechecker.com\\\/en\\\/#\\\/schema\\\/logo\\\/image\\\/\"},\"sameAs\":[\"https:\\\/\\\/www.facebook.com\\\/coffeecheckercom\",\"https:\\\/\\\/www.youtube.com\\\/@coffeechecker8109\",\"https:\\\/\\\/www.instagram.com\\\/coffeechecker_\",\"https:\\\/\\\/www.tiktok.com\\\/@coffeechecker\"]}]}<\/script>\n<!-- \/ Yoast SEO plugin. -->","yoast_head_json":{"title":"Coffee knowledge - Coffeechecker","robots":{"index":"index","follow":"follow","max-snippet":"max-snippet:-1","max-image-preview":"max-image-preview:large","max-video-preview":"max-video-preview:-1"},"canonical":"https:\/\/www.coffeechecker.com\/kaffeewissen\/","og_locale":"en_US","og_type":"article","og_title":"Coffee knowledge - Coffeechecker","og_description":"become with our blog to the true coffeechecker 5 Tips f\u00fcr perfekten Kaffee vom Vollautomat Den perfekten Mahlgrad f\u00fcr Siebtr\u00e4ger einstellen Kaffeesatz verwenden Vors\u00e4tze einhalten mit Kaffee Kaffee Cocktails Sommer-Edition Cold Drip Zubereitung Affogato &#8211; Rezept f\u00fcr Eiskaffee auf Italienisch Cold Brew Zubereitung Load More","og_url":"https:\/\/www.coffeechecker.com\/kaffeewissen\/","og_site_name":"Coffeechecker","article_publisher":"https:\/\/www.facebook.com\/coffeecheckercom","article_modified_time":"2024-09-04T10:07:15+00:00","og_image":[{"width":1516,"height":1516,"url":"https:\/\/www.coffeechecker.com\/wp-content\/uploads\/2024\/01\/Coffeechecker-Web.jpeg","type":"image\/jpeg"}],"twitter_card":"summary_large_image","schema":{"@context":"https:\/\/schema.org","@graph":[{"@type":"WebPage","@id":"https:\/\/www.coffeechecker.com\/kaffeewissen\/","url":"https:\/\/www.coffeechecker.com\/kaffeewissen\/","name":"Coffee knowledge - Coffeechecker","isPartOf":{"@id":"https:\/\/www.coffeechecker.com\/en\/#website"},"datePublished":"2023-07-03T10:27:47+00:00","dateModified":"2024-09-04T10:07:15+00:00","breadcrumb":{"@id":"https:\/\/www.coffeechecker.com\/kaffeewissen\/#breadcrumb"},"inLanguage":"en-US","potentialAction":[{"@type":"ReadAction","target":["https:\/\/www.coffeechecker.com\/kaffeewissen\/"]}]},{"@type":"BreadcrumbList","@id":"https:\/\/www.coffeechecker.com\/kaffeewissen\/#breadcrumb","itemListElement":[{"@type":"ListItem","position":1,"name":"Startseite","item":"https:\/\/www.coffeechecker.com\/"},{"@type":"ListItem","position":2,"name":"Coffee knowledge"}]},{"@type":"WebSite","@id":"https:\/\/www.coffeechecker.com\/en\/#website","url":"https:\/\/www.coffeechecker.com\/en\/","name":"Coffeechecker","description":"","publisher":{"@id":"https:\/\/www.coffeechecker.com\/en\/#organization"},"potentialAction":[{"@type":"SearchAction","target":{"@type":"EntryPoint","urlTemplate":"https:\/\/www.coffeechecker.com\/en\/?s={search_term_string}"},"query-input":{"@type":"PropertyValueSpecification","valueRequired":true,"valueName":"search_term_string"}}],"inLanguage":"en-US"},{"@type":"Organization","@id":"https:\/\/www.coffeechecker.com\/en\/#organization","name":"Coffeechecker","url":"https:\/\/www.coffeechecker.com\/en\/","logo":{"@type":"ImageObject","inLanguage":"en-US","@id":"https:\/\/www.coffeechecker.com\/en\/#\/schema\/logo\/image\/","url":"https:\/\/www.coffeechecker.com\/wp-content\/uploads\/2023\/06\/cropped-Favicon-.png","contentUrl":"https:\/\/www.coffeechecker.com\/wp-content\/uploads\/2023\/06\/cropped-Favicon-.png","width":512,"height":512,"caption":"Coffeechecker"},"image":{"@id":"https:\/\/www.coffeechecker.com\/en\/#\/schema\/logo\/image\/"},"sameAs":["https:\/\/www.facebook.com\/coffeecheckercom","https:\/\/www.youtube.com\/@coffeechecker8109","https:\/\/www.instagram.com\/coffeechecker_","https:\/\/www.tiktok.com\/@coffeechecker"]}]}},"_links":{"self":[{"href":"https:\/\/www.coffeechecker.com\/en\/wp-json\/wp\/v2\/pages\/10507","targetHints":{"allow":["GET"]}}],"collection":[{"href":"https:\/\/www.coffeechecker.com\/en\/wp-json\/wp\/v2\/pages"}],"about":[{"href":"https:\/\/www.coffeechecker.com\/en\/wp-json\/wp\/v2\/types\/page"}],"author":[{"embeddable":true,"href":"https:\/\/www.coffeechecker.com\/en\/wp-json\/wp\/v2\/users\/1"}],"replies":[{"embeddable":true,"href":"https:\/\/www.coffeechecker.com\/en\/wp-json\/wp\/v2\/comments?post=10507"}],"version-history":[{"count":4,"href":"https:\/\/www.coffeechecker.com\/en\/wp-json\/wp\/v2\/pages\/10507\/revisions"}],"predecessor-version":[{"id":13384,"href":"https:\/\/www.coffeechecker.com\/en\/wp-json\/wp\/v2\/pages\/10507\/revisions\/13384"}],"wp:attachment":[{"href":"https:\/\/www.coffeechecker.com\/en\/wp-json\/wp\/v2\/media?parent=10507"}],"curies":[{"name":"wp","href":"https:\/\/api.w.org\/{rel}","templated":true}]}}